{"id":2,"date":"2016-05-10T03:48:21","date_gmt":"2016-05-10T03:48:21","guid":{"rendered":"http:\/\/text.raw-huesselmann.de\/?page_id=2"},"modified":"2025-08-08T08:51:20","modified_gmt":"2025-08-08T08:51:20","slug":"sample-page","status":"publish","type":"page","link":"http:\/\/www.polskiezabawy-nrw.de\/","title":{"rendered":"Powitanie!!!!"},"content":{"rendered":"\n<p class=\"has-text-align-center has-luminous-vivid-amber-color has-text-color has-background has-large-font-size\" style=\"background-color:#078557\"><strong>Serdecznie Panstwa Witamy znowu Impresujemy!!!<\/strong><\/p>\n\n\n\n<p class=\"has-text-align-center has-luminous-vivid-amber-color has-text-color has-background has-large-font-size\" style=\"background-color:#078557\"><strong>Wir m\u00f6chten uns herzlich f\u00fcr Ihre Treue bedanken.<\/strong><br><strong>Wir freuen uns auf weiterhin gemeinsame Feiern! <\/strong><br><strong>Ihre Familie Wosnitza<\/strong><\/p>\n\n\n\n<figure class=\"wp-block-image\"><img loading=\"lazy\" decoding=\"async\" width=\"1280\" height=\"800\" src=\"http:\/\/text.raw-huesselmann.de\/wp-content\/uploads\/2018\/09\/event-party-3005668_1280-1.jpg\" alt=\"\" class=\"wp-image-41\" srcset=\"http:\/\/www.polskiezabawy-nrw.de\/wp-content\/uploads\/2018\/09\/event-party-3005668_1280-1.jpg 1280w, http:\/\/www.polskiezabawy-nrw.de\/wp-content\/uploads\/2018\/09\/event-party-3005668_1280-1-300x188.jpg 300w, http:\/\/www.polskiezabawy-nrw.de\/wp-content\/uploads\/2018\/09\/event-party-3005668_1280-1-768x480.jpg 768w, http:\/\/www.polskiezabawy-nrw.de\/wp-content\/uploads\/2018\/09\/event-party-3005668_1280-1-1024x640.jpg 1024w\" sizes=\"auto, (max-width: 1280px) 100vw, 1280px\" \/><\/figure>\n\n\n\n<p class=\"has-text-align-center has-very-light-gray-color has-vivid-red-background-color has-text-color has-background has-medium-font-size\"><strong>R\u00f3wnie\u017c w 2025\/26 spotkamy si\u0119 ponownie, by \u015bwi\u0119towa\u0107 w J\u00fcchen-Bedburdyck.<br>Sprawd\u017a terminy, zadzwo\u0144 wczesinej, aby zam\u00f3wi\u0107 bilety i powiedz wszystkim znajomym: <\/strong><br><strong>&#8222;\u015awi\u0119tujemy znowu&#8220;<\/strong><\/p>\n\n\n<div class=\"wp-block-image\">\n<figure class=\"aligncenter is-resized\"><img loading=\"lazy\" decoding=\"async\" width=\"380\" height=\"213\" src=\"http:\/\/text.raw-huesselmann.de\/wp-content\/uploads\/2018\/09\/ticket.png\" alt=\"\" class=\"wp-image-48\" style=\"width:569px;height:319px\" srcset=\"http:\/\/www.polskiezabawy-nrw.de\/wp-content\/uploads\/2018\/09\/ticket.png 380w, http:\/\/www.polskiezabawy-nrw.de\/wp-content\/uploads\/2018\/09\/ticket-300x168.png 300w\" sizes=\"auto, (max-width: 380px) 100vw, 380px\" \/><\/figure>\n<\/div>\n\n\n<div class=\"wp-block-button aligncenter\"><a class=\"wp-block-button__link has-vivid-red-background-color has-background wp-element-button\" href=\"http:\/\/text.raw-huesselmann.de\/?p=110\"><strong>Najbli\u017csze imprezy<\/strong><\/a><\/div>\n\n\n\n<p class=\"has-text-align-center has-very-light-gray-color has-vivid-red-background-color has-text-color has-background\"><strong>Polskiezabawy Grevenbroich<br>Karl Justen Halle <br>in der Bausch 3-7 <br>41363 J\u00fcchen\/Bedburdyck <br>TEL.: 02181-659203<br>TEL. KOM.: 0151-22498921<\/strong><\/p>\n","protected":false},"excerpt":{"rendered":"<p>Serdecznie Panstwa Witamy znowu Impresujemy!!! Wir m\u00f6chten uns herzlich f\u00fcr Ihre Treue bedanken.Wir freuen uns auf weiterhin gemeinsame Feiern! Ihre Familie Wosnitza R\u00f3wnie\u017c w 2025\/26 spotkamy si\u0119 ponownie, by \u015bwi\u0119towa\u0107 w J\u00fcchen-Bedburdyck.Sprawd\u017a terminy, zadzwo\u0144 wczesinej, aby zam\u00f3wi\u0107 bilety i powiedz wszystkim znajomym: &#8222;\u015awi\u0119tujemy znowu&#8220; Polskiezabawy GrevenbroichKarl Justen Halle in der Bausch 3-7 41363 J\u00fcchen\/Bedburdyck TEL.: &hellip; <a href=\"http:\/\/www.polskiezabawy-nrw.de\/\" class=\"more-link\"><span class=\"screen-reader-text\">Powitanie!!!!<\/span> weiterlesen <span class=\"meta-nav\">&rarr;<\/span><\/a><\/p>\n","protected":false},"author":1,"featured_media":0,"parent":0,"menu_order":0,"comment_status":"closed","ping_status":"open","template":"","meta":{"jetpack_post_was_ever_published":false,"footnotes":""},"class_list":["post-2","page","type-page","status-publish","hentry"],"jetpack_sharing_enabled":false,"jetpack_shortlink":"https:\/\/wp.me\/Paj2ia-2","_links":{"self":[{"href":"http:\/\/www.polskiezabawy-nrw.de\/index.php?rest_route=\/wp\/v2\/pages\/2","targetHints":{"allow":["GET"]}}],"collection":[{"href":"http:\/\/www.polskiezabawy-nrw.de\/index.php?rest_route=\/wp\/v2\/pages"}],"about":[{"href":"http:\/\/www.polskiezabawy-nrw.de\/index.php?rest_route=\/wp\/v2\/types\/page"}],"author":[{"embeddable":true,"href":"http:\/\/www.polskiezabawy-nrw.de\/index.php?rest_route=\/wp\/v2\/users\/1"}],"replies":[{"embeddable":true,"href":"http:\/\/www.polskiezabawy-nrw.de\/index.php?rest_route=%2Fwp%2Fv2%2Fcomments&post=2"}],"version-history":[{"count":51,"href":"http:\/\/www.polskiezabawy-nrw.de\/index.php?rest_route=\/wp\/v2\/pages\/2\/revisions"}],"predecessor-version":[{"id":738,"href":"http:\/\/www.polskiezabawy-nrw.de\/index.php?rest_route=\/wp\/v2\/pages\/2\/revisions\/738"}],"wp:attachment":[{"href":"http:\/\/www.polskiezabawy-nrw.de\/index.php?rest_route=%2Fwp%2Fv2%2Fmedia&parent=2"}],"curies":[{"name":"wp","href":"https:\/\/api.w.org\/{rel}","templated":true}]}}